{"id":1388,"date":"2023-04-11T12:06:12","date_gmt":"2023-04-11T10:06:12","guid":{"rendered":"https:\/\/feuerwehr-wolsdorf.de\/?page_id=1388"},"modified":"2026-01-11T11:54:05","modified_gmt":"2026-01-11T10:54:05","slug":"foerderverein","status":"publish","type":"page","link":"https:\/\/feuerwehr-wolsdorf.de\/wordpress\/foerderverein\/","title":{"rendered":"F\u00f6rderverein"},"content":{"rendered":"\t\t<div data-elementor-type=\"wp-page\" data-elementor-id=\"1388\" class=\"elementor elementor-1388\">\n\t\t\t\t\t\t<section class=\"elementor-section elementor-top-section elementor-element elementor-element-a5bdf25 elementor-section-boxed elementor-section-height-default elementor-section-height-default\" data-id=\"a5bdf25\" data-element_type=\"section\">\n\t\t\t\t\t\t<div class=\"elementor-container elementor-column-gap-default\">\n\t\t\t\t\t<div class=\"elementor-column elementor-col-100 elementor-top-column elementor-element elementor-element-fc57375\" data-id=\"fc57375\" data-element_type=\"column\">\n\t\t\t<div class=\"elementor-widget-wrap elementor-element-populated\">\n\t\t\t\t\t\t<div class=\"elementor-element elementor-element-808e98a elementor-widget elementor-widget-text-editor\" data-id=\"808e98a\" data-element_type=\"widget\" data-widget_type=\"text-editor.default\">\n\t\t\t\t<div class=\"elementor-widget-container\">\n\t\t\t\t\t\t\t\t\t<h2>Seit dem 01.04.2023 hat die Ortsfeuerwehr Wolsdorf einen F\u00f6rderverein.<\/h2><h2>Mitglied kann jeder werden, auch Firmen und Organisationen k\u00f6nnen den Verein unterst\u00fctzen.<\/h2><h2>Der Aufnahmeantrag, sowie die Satzung und Gesch\u00e4ftsordnung stehen hier zum Download bereit.<\/h2><h2>Der ausgef\u00fcllten und unterschriebene Aufnahmeantrag kann bei der Ortsfeuerwehr Wolsdorf abgegeben oder per E-Mail an <span style=\"text-decoration: underline;\"><a href=\"mailto:foerderverein@feuerwehr-wolsdorf.de\">foerderverein@feuerwehr-wolsdorf.de<\/a>\u00a0<\/span>gesendet werden.<\/h2>\t\t\t\t\t\t\t\t<\/div>\n\t\t\t\t<\/div>\n\t\t\t\t\t<\/div>\n\t\t<\/div>\n\t\t\t\t\t<\/div>\n\t\t<\/section>\n\t\t\t\t<section class=\"elementor-section elementor-top-section elementor-element elementor-element-ac6e92a elementor-section-boxed elementor-section-height-default elementor-section-height-default\" data-id=\"ac6e92a\" data-element_type=\"section\">\n\t\t\t\t\t\t<div class=\"elementor-container elementor-column-gap-default\">\n\t\t\t\t\t<div class=\"elementor-column elementor-col-33 elementor-top-column elementor-element elementor-element-1e6e273\" data-id=\"1e6e273\" data-element_type=\"column\">\n\t\t\t<div class=\"elementor-widget-wrap elementor-element-populated\">\n\t\t\t\t\t\t<div class=\"elementor-element elementor-element-5ed91b9 elementor-align-center elementor-widget elementor-widget-button\" data-id=\"5ed91b9\" data-element_type=\"widget\" data-widget_type=\"button.default\">\n\t\t\t\t<div class=\"elementor-widget-container\">\n\t\t\t\t\t\t\t\t\t<div class=\"elementor-button-wrapper\">\n\t\t\t\t\t<a class=\"elementor-button elementor-button-link elementor-size-md\" href=\"https:\/\/feuerwehr-wolsdorf.de\/wordpress\/wp-content\/uploads\/2026\/01\/Vorlage-Aufnahmeantrag-V3.pdf\">\n\t\t\t\t\t\t<span class=\"elementor-button-content-wrapper\">\n\t\t\t\t\t\t\t\t\t<span class=\"elementor-button-text\">Aufnahmeantrag<\/span>\n\t\t\t\t\t<\/span>\n\t\t\t\t\t<\/a>\n\t\t\t\t<\/div>\n\t\t\t\t\t\t\t\t<\/div>\n\t\t\t\t<\/div>\n\t\t\t\t\t<\/div>\n\t\t<\/div>\n\t\t\t\t<div class=\"elementor-column elementor-col-33 elementor-top-column elementor-element elementor-element-5c68a87\" data-id=\"5c68a87\" data-element_type=\"column\">\n\t\t\t<div class=\"elementor-widget-wrap elementor-element-populated\">\n\t\t\t\t\t\t<div class=\"elementor-element elementor-element-451f10a elementor-align-center elementor-widget elementor-widget-button\" data-id=\"451f10a\" data-element_type=\"widget\" data-widget_type=\"button.default\">\n\t\t\t\t<div class=\"elementor-widget-container\">\n\t\t\t\t\t\t\t\t\t<div class=\"elementor-button-wrapper\">\n\t\t\t\t\t<a class=\"elementor-button elementor-button-link elementor-size-md\" href=\"https:\/\/feuerwehr-wolsdorf.de\/wordpress\/wp-content\/uploads\/2024\/02\/Satzung-Feuerwehrverein-der-Ortsfeuerwehr-Wolsdorf-Stand-20240113.pdf\">\n\t\t\t\t\t\t<span class=\"elementor-button-content-wrapper\">\n\t\t\t\t\t\t\t\t\t<span class=\"elementor-button-text\">Satzung<\/span>\n\t\t\t\t\t<\/span>\n\t\t\t\t\t<\/a>\n\t\t\t\t<\/div>\n\t\t\t\t\t\t\t\t<\/div>\n\t\t\t\t<\/div>\n\t\t\t\t\t<\/div>\n\t\t<\/div>\n\t\t\t\t<div class=\"elementor-column elementor-col-33 elementor-top-column elementor-element elementor-element-e335225\" data-id=\"e335225\" data-element_type=\"column\">\n\t\t\t<div class=\"elementor-widget-wrap elementor-element-populated\">\n\t\t\t\t\t\t<div class=\"elementor-element elementor-element-a7a380b elementor-align-center elementor-widget elementor-widget-button\" data-id=\"a7a380b\" data-element_type=\"widget\" data-widget_type=\"button.default\">\n\t\t\t\t<div class=\"elementor-widget-container\">\n\t\t\t\t\t\t\t\t\t<div class=\"elementor-button-wrapper\">\n\t\t\t\t\t<a class=\"elementor-button elementor-button-link elementor-size-md\" href=\"https:\/\/feuerwehr-wolsdorf.de\/wordpress\/wp-content\/uploads\/2023\/04\/Geschaeftsordnung-Feuerwehrverein-der-Ortsfeuerwehr-Wolsdorf-Stand-20230401.pdf\">\n\t\t\t\t\t\t<span class=\"elementor-button-content-wrapper\">\n\t\t\t\t\t\t\t\t\t<span class=\"elementor-button-text\">Gesch\u00e4ftsordnung<\/span>\n\t\t\t\t\t<\/span>\n\t\t\t\t\t<\/a>\n\t\t\t\t<\/div>\n\t\t\t\t\t\t\t\t<\/div>\n\t\t\t\t<\/div>\n\t\t\t\t\t<\/div>\n\t\t<\/div>\n\t\t\t\t\t<\/div>\n\t\t<\/section>\n\t\t\t\t<\/div>\n\t\t","protected":false},"excerpt":{"rendered":"<p>Seit dem 01.04.2023 hat die Ortsfeuerwehr Wolsdorf einen F\u00f6rderverein. Mitglied kann jeder werden, auch Firmen und Organisationen k\u00f6nnen den Verein unterst\u00fctzen. Der Aufnahmeantrag, sowie die Satzung und Gesch\u00e4ftsordnung stehen hier zum Download bereit. Der ausgef\u00fcllten und unterschriebene Aufnahmeantrag kann bei der Ortsfeuerwehr Wolsdorf abgegeben oder per E-Mail an foerderverein@feuerwehr-wolsdorf.de\u00a0gesendet werden. Aufnahmeantrag Satzung Gesch\u00e4ftsordnung<\/p>\n","protected":false},"author":1,"featured_media":0,"parent":0,"menu_order":0,"comment_status":"closed","ping_status":"closed","template":"","meta":{"footnotes":""},"class_list":["post-1388","page","type-page","status-publish","hentry","entry"],"_links":{"self":[{"href":"https:\/\/feuerwehr-wolsdorf.de\/wordpress\/wp-json\/wp\/v2\/pages\/1388","targetHints":{"allow":["GET"]}}],"collection":[{"href":"https:\/\/feuerwehr-wolsdorf.de\/wordpress\/wp-json\/wp\/v2\/pages"}],"about":[{"href":"https:\/\/feuerwehr-wolsdorf.de\/wordpress\/wp-json\/wp\/v2\/types\/page"}],"author":[{"embeddable":true,"href":"https:\/\/feuerwehr-wolsdorf.de\/wordpress\/wp-json\/wp\/v2\/users\/1"}],"replies":[{"embeddable":true,"href":"https:\/\/feuerwehr-wolsdorf.de\/wordpress\/wp-json\/wp\/v2\/comments?post=1388"}],"version-history":[{"count":3,"href":"https:\/\/feuerwehr-wolsdorf.de\/wordpress\/wp-json\/wp\/v2\/pages\/1388\/revisions"}],"predecessor-version":[{"id":1625,"href":"https:\/\/feuerwehr-wolsdorf.de\/wordpress\/wp-json\/wp\/v2\/pages\/1388\/revisions\/1625"}],"wp:attachment":[{"href":"https:\/\/feuerwehr-wolsdorf.de\/wordpress\/wp-json\/wp\/v2\/media?parent=1388"}],"curies":[{"name":"wp","href":"https:\/\/api.w.org\/{rel}","templated":true}]}}