{"id":403,"date":"2020-09-06T09:15:32","date_gmt":"2020-09-06T07:15:32","guid":{"rendered":"https:\/\/feuerwehr-wolsdorf.de\/wordpress\/?page_id=403"},"modified":"2020-09-06T09:15:32","modified_gmt":"2020-09-06T07:15:32","slug":"mitgliedschaft","status":"publish","type":"page","link":"https:\/\/feuerwehr-wolsdorf.de\/wordpress\/mitgliedschaft\/","title":{"rendered":"Mitgliedschaft"},"content":{"rendered":"\t\t<div data-elementor-type=\"wp-page\" data-elementor-id=\"403\" class=\"elementor elementor-403\">\n\t\t\t\t\t\t<section class=\"elementor-section elementor-top-section elementor-element elementor-element-288f1150 elementor-section-boxed elementor-section-height-default elementor-section-height-default\" data-id=\"288f1150\" data-element_type=\"section\">\n\t\t\t\t\t\t<div class=\"elementor-container elementor-column-gap-default\">\n\t\t\t\t\t<div class=\"elementor-column elementor-col-100 elementor-top-column elementor-element elementor-element-785c99c8\" data-id=\"785c99c8\" data-element_type=\"column\">\n\t\t\t<div class=\"elementor-widget-wrap elementor-element-populated\">\n\t\t\t\t\t\t<div class=\"elementor-element elementor-element-49334682 elementor-widget elementor-widget-text-editor\" data-id=\"49334682\" data-element_type=\"widget\" data-widget_type=\"text-editor.default\">\n\t\t\t\t<div class=\"elementor-widget-container\">\n\t\t\t\t\t\t\t\t\t<p><\/p>\n<h2 class=\"wp-block-heading\">Aktives Mitglied kann jeder Einwohner von Wolsdorf im Alter zwischen 16 und 67 Jahren werden.<\/h2>\n<h2>\u00a0Kinder im Alter von 6 \u2013 10 Jahren werden in der Kinderfeuerwehr aufgenommen, sowie Jugendliche von 10 \u2013 16 Jahren in der Jugendfeuerwehr.<\/h2>\n<h2>Zur Aufnahme in einer der Abteilungen der Feuerwehr Wolsdorf f\u00fcllen sie den Aufnahmeantrag\u00a0\u00a0vollst\u00e4ndig aus und geben ihn beim Ortsbrandmeister ab, oder senden ihn per E-Mail an folgende Adresse: <span style=\"text-decoration: underline;\"><a href=\"http:\/\/mailto:%20ortsbrandmeister@feuerwehr-wolsdorf.de\">ortsbrandmeister@feuerwehr-wolsdorf.de<\/a><\/span><\/h2>\n<div>\n<h2 style=\"font-variant-ligatures: normal; font-variant-caps: normal; font-family: Roboto, sans-serif; font-style: normal;\">Wer nicht aktiv an den Diensten, Eins\u00e4tzen und \u00dcbungen teilnehmen m\u00f6chte, kann Mitglied des F\u00f6rdervereins der Ortsfeuerwehr werden. Weitere Informationen zum F\u00f6rderverein stehen auf folgender Seite.<\/h2>\n<\/div>\n<p><\/p>\t\t\t\t\t\t\t\t<\/div>\n\t\t\t\t<\/div>\n\t\t\t\t\t<\/div>\n\t\t<\/div>\n\t\t\t\t\t<\/div>\n\t\t<\/section>\n\t\t\t\t<section class=\"elementor-section elementor-top-section elementor-element elementor-element-d6235ba elementor-section-boxed elementor-section-height-default elementor-section-height-default\" data-id=\"d6235ba\" data-element_type=\"section\">\n\t\t\t\t\t\t<div class=\"elementor-container elementor-column-gap-default\">\n\t\t\t\t\t<div class=\"elementor-column elementor-col-100 elementor-top-column elementor-element elementor-element-5dad21a\" data-id=\"5dad21a\" data-element_type=\"column\">\n\t\t\t<div class=\"elementor-widget-wrap elementor-element-populated\">\n\t\t\t\t\t\t<div class=\"elementor-element elementor-element-5e0e8c3 elementor-align-center elementor-widget elementor-widget-button\" data-id=\"5e0e8c3\" data-element_type=\"widget\" data-widget_type=\"button.default\">\n\t\t\t\t<div class=\"elementor-widget-container\">\n\t\t\t\t\t\t\t\t\t<div class=\"elementor-button-wrapper\">\n\t\t\t\t\t<a class=\"elementor-button elementor-button-link elementor-size-md\" href=\"https:\/\/feuerwehr-wolsdorf.de\/wordpress\/wp-content\/uploads\/2023\/04\/Vorlage-Neuaufnahme-V5-Handschriftlich.pdf\">\n\t\t\t\t\t\t<span class=\"elementor-button-content-wrapper\">\n\t\t\t\t\t\t<span class=\"elementor-button-icon\">\n\t\t\t\t<svg aria-hidden=\"true\" class=\"e-font-icon-svg e-far-file-pdf\" viewBox=\"0 0 384 512\" xmlns=\"http:\/\/www.w3.org\/2000\/svg\"><path d=\"M369.9 97.9L286 14C277 5 264.8-.1 252.1-.1H48C21.5 0 0 21.5 0 48v416c0 26.5 21.5 48 48 48h288c26.5 0 48-21.5 48-48V131.9c0-12.7-5.1-25-14.1-34zM332.1 128H256V51.9l76.1 76.1zM48 464V48h160v104c0 13.3 10.7 24 24 24h104v288H48zm250.2-143.7c-12.2-12-47-8.7-64.4-6.5-17.2-10.5-28.7-25-36.8-46.3 3.9-16.1 10.1-40.6 5.4-56-4.2-26.2-37.8-23.6-42.6-5.9-4.4 16.1-.4 38.5 7 67.1-10 23.9-24.9 56-35.4 74.4-20 10.3-47 26.2-51 46.2-3.3 15.8 26 55.2 76.1-31.2 22.4-7.4 46.8-16.5 68.4-20.1 18.9 10.2 41 17 55.8 17 25.5 0 28-28.2 17.5-38.7zm-198.1 77.8c5.1-13.7 24.5-29.5 30.4-35-19 30.3-30.4 35.7-30.4 35zm81.6-190.6c7.4 0 6.7 32.1 1.8 40.8-4.4-13.9-4.3-40.8-1.8-40.8zm-24.4 136.6c9.7-16.9 18-37 24.7-54.7 8.3 15.1 18.9 27.2 30.1 35.5-20.8 4.3-38.9 13.1-54.8 19.2zm131.6-5s-5 6-37.3-7.8c35.1-2.6 40.9 5.4 37.3 7.8z\"><\/path><\/svg>\t\t\t<\/span>\n\t\t\t\t\t\t\t\t\t<span class=\"elementor-button-text\">Aufnahmeantrag PDF<\/span>\n\t\t\t\t\t<\/span>\n\t\t\t\t\t<\/a>\n\t\t\t\t<\/div>\n\t\t\t\t\t\t\t\t<\/div>\n\t\t\t\t<\/div>\n\t\t\t\t\t<\/div>\n\t\t<\/div>\n\t\t\t\t\t<\/div>\n\t\t<\/section>\n\t\t\t\t<\/div>\n\t\t","protected":false},"excerpt":{"rendered":"<p>Aktives Mitglied kann jeder Einwohner von Wolsdorf im Alter zwischen 16 und 67 Jahren werden. \u00a0Kinder im Alter von 6 \u2013 10 Jahren werden in der Kinderfeuerwehr aufgenommen, sowie Jugendliche von 10 \u2013 16 Jahren in der Jugendfeuerwehr. Zur Aufnahme in einer der Abteilungen der Feuerwehr Wolsdorf f\u00fcllen sie den Aufnahmeantrag\u00a0\u00a0vollst\u00e4ndig aus und geben ihn [&hellip;]<\/p>\n","protected":false},"author":1,"featured_media":0,"parent":0,"menu_order":0,"comment_status":"closed","ping_status":"closed","template":"","meta":{"footnotes":""},"class_list":["post-403","page","type-page","status-publish","hentry","entry"],"_links":{"self":[{"href":"https:\/\/feuerwehr-wolsdorf.de\/wordpress\/wp-json\/wp\/v2\/pages\/403","targetHints":{"allow":["GET"]}}],"collection":[{"href":"https:\/\/feuerwehr-wolsdorf.de\/wordpress\/wp-json\/wp\/v2\/pages"}],"about":[{"href":"https:\/\/feuerwehr-wolsdorf.de\/wordpress\/wp-json\/wp\/v2\/types\/page"}],"author":[{"embeddable":true,"href":"https:\/\/feuerwehr-wolsdorf.de\/wordpress\/wp-json\/wp\/v2\/users\/1"}],"replies":[{"embeddable":true,"href":"https:\/\/feuerwehr-wolsdorf.de\/wordpress\/wp-json\/wp\/v2\/comments?post=403"}],"version-history":[{"count":0,"href":"https:\/\/feuerwehr-wolsdorf.de\/wordpress\/wp-json\/wp\/v2\/pages\/403\/revisions"}],"wp:attachment":[{"href":"https:\/\/feuerwehr-wolsdorf.de\/wordpress\/wp-json\/wp\/v2\/media?parent=403"}],"curies":[{"name":"wp","href":"https:\/\/api.w.org\/{rel}","templated":true}]}}