{"id":549,"date":"2020-09-09T20:38:01","date_gmt":"2020-09-09T18:38:01","guid":{"rendered":"https:\/\/feuerwehr-wolsdorf.de\/wordpress\/?page_id=549"},"modified":"2025-07-06T18:56:55","modified_gmt":"2025-07-06T16:56:55","slug":"ueber-uns","status":"publish","type":"page","link":"https:\/\/feuerwehr-wolsdorf.de\/wordpress\/ueber-uns\/","title":{"rendered":"\u00dcber uns"},"content":{"rendered":"\t\t<div data-elementor-type=\"wp-page\" data-elementor-id=\"549\" class=\"elementor elementor-549\">\n\t\t\t\t\t\t<section class=\"elementor-section elementor-top-section elementor-element elementor-element-81fec62 elementor-section-content-middle elementor-reverse-mobile elementor-section-full_width elementor-section-height-default elementor-section-height-default\" data-id=\"81fec62\" data-element_type=\"section\">\n\t\t\t\t\t\t<div class=\"elementor-container elementor-column-gap-default\">\n\t\t\t\t\t<div class=\"elementor-column elementor-col-100 elementor-top-column elementor-element elementor-element-e09e967 elementor-invisible\" data-id=\"e09e967\" data-element_type=\"column\" data-settings=\"{&quot;animation&quot;:&quot;zoomIn&quot;}\">\n\t\t\t<div class=\"elementor-widget-wrap elementor-element-populated\">\n\t\t\t\t\t\t<div class=\"elementor-element elementor-element-c393f45 elementor-widget elementor-widget-heading\" data-id=\"c393f45\" data-element_type=\"widget\" data-widget_type=\"heading.default\">\n\t\t\t\t<div class=\"elementor-widget-container\">\n\t\t\t\t\t<h3 class=\"elementor-heading-title elementor-size-default\">\u00dcber uns<\/h3>\t\t\t\t<\/div>\n\t\t\t\t<\/div>\n\t\t\t\t<div class=\"elementor-element elementor-element-e357556 elementor-widget elementor-widget-text-editor\" data-id=\"e357556\" data-element_type=\"widget\" data-widget_type=\"text-editor.default\">\n\t\t\t\t<div class=\"elementor-widget-container\">\n\t\t\t\t\t\t\t\t\t<div data-block=\"true\" data-editor=\"6q1bs\" data-offset-key=\"6abgn-0-0\">\n<h2><span style=\"color: #333333; font-family: Publico, cv, icons, serif;\"><span style=\"font-size: 20px; white-space: pre-wrap; caret-color: #ff5f56;\"><span style=\"font-weight: normal;\">Die Feuerwehr Wolsdorf wurde im Jahr 1875 gegr\u00fcndet und hat aktuell 179 Mitglieder von denen 51 im aktiven Einsatzdienst sind, also die Kameradinnen und Kameraden die auch tats\u00e4chlich kommen wenn die Feuerwehr alarmiert wird. Aber nat\u00fcrlich werden f\u00fcr Eins\u00e4tze auch Kameradinnen und Kameraden ben\u00f6tigt, die unter Atemschutz arbeiten d\u00fcrfen (AT-Tr\u00e4ger). Diese spezielle Ausbildung und gesetzliche Vorgaben erf\u00fcllen 27 der Einsatzkr\u00e4fte. Weitere 15 Einsatzkr\u00e4fte sind sogar f\u00fcr den Bereich Gefahrgut ausgebildet und d\u00fcrfen im Einsatzfall im Chemikalienschutzanzug arbeiten.<\/span><\/span><\/span><\/h2>\n<h2><span style=\"color: #333333; font-family: Publico, cv, icons, serif;\"><span style=\"font-size: 20px; white-space: pre-wrap; caret-color: #ff5f56;\"><br><\/span><\/span><span style=\"font-weight: normal;\">Neben der Vielzahl an gut ausgebildeten Einsatzkr\u00e4ften l\u00e4sst die Freiwillige Feuerwehr Wolsdorf auch an der Nieders\u00e4chsischen Akademie f\u00fcr Brand- und Katastrophenschutz F\u00fchrungskr\u00e4fte ausbilden. Dazu z\u00e4hlen zum Beispiel Truppf\u00fchrer, Gruppenf\u00fchrer und Zugf\u00fchrer. Durch das L\u00f6schzugkonzept der Samtgemeinde Nord-Elm arbeiten die Freiwilligen Feuerwehren R\u00e4bke, Warberg und Wolsdorf (L\u00f6schzug S\u00fcd) sowie Frellstedt, S\u00fcpplingen und S\u00fcpplingenburg (L\u00f6schzug Nord) jeweils zusammen die Eins\u00e4tze ab. In diesen Konstellationen (L\u00f6schz\u00fcge) ist es sehr wichtig gut ausgebildete F\u00fchrungskr\u00e4fte zu haben.<\/span><\/h2>\n<h2><span style=\"font-weight: normal;\"><br><\/span><span style=\"font-weight: normal;\">Neben der Einsatzabteilung hat die Feuerwehr Wolsdorf noch eine Kinderfeuerwehr und eine Jugendfeuerwehr. So haben die Brandsch\u00fctzer f\u00fcr alle Altersgruppen etwas zu bieten und freuen sich \u00fcber stetig neue Mitglieder. Es freut uns sehr, dass wir in Wolsdorf nicht nur die Feuerwehr sind, sondern auch eine feste Gr\u00f6\u00dfe in der Gesellschaft.<\/span><\/h2>\n<h2><span style=\"font-weight: normal;\">&nbsp;<\/span><\/h2>\n<h2><span style=\"font-weight: normal;\"><span style=\"color: #333333; font-family: Publico, cv, icons, serif;\">Wer aus Wolsdorf also Interesse hat bei der Feuerwehr mitzumachen, sei es als aktiver Feuerwehrmann oder Feuerwehrfrau, in der Jugendfeuerwehr, in der Kinderfeuerwehr oder als f\u00f6rderndes Mitglied, kann gerne bei den jeweiligen Diensten vorbei schauen oder sich direkt an den Ortsbrandmeister wenden.<\/span><\/span><\/h2>\n<p><span style=\"color: #333333; font-family: Publico, cv, icons, serif;\">&nbsp;<\/span><\/p>\n<\/div>\t\t\t\t\t\t\t\t<\/div>\n\t\t\t\t<\/div>\n\t\t\t\t\t<\/div>\n\t\t<\/div>\n\t\t\t\t\t<\/div>\n\t\t<\/section>\n\t\t\t\t<\/div>\n\t\t","protected":false},"excerpt":{"rendered":"<p>\u00dcber uns Die Feuerwehr Wolsdorf wurde im Jahr 1875 gegr\u00fcndet und hat aktuell 179 Mitglieder von denen 51 im aktiven Einsatzdienst sind, also die Kameradinnen und Kameraden die auch tats\u00e4chlich kommen wenn die Feuerwehr alarmiert wird. Aber nat\u00fcrlich werden f\u00fcr Eins\u00e4tze auch Kameradinnen und Kameraden ben\u00f6tigt, die unter Atemschutz arbeiten d\u00fcrfen (AT-Tr\u00e4ger). Diese spezielle Ausbildung [&hellip;]<\/p>\n","protected":false},"author":1,"featured_media":0,"parent":0,"menu_order":0,"comment_status":"closed","ping_status":"closed","template":"","meta":{"footnotes":""},"class_list":["post-549","page","type-page","status-publish","hentry","entry"],"_links":{"self":[{"href":"https:\/\/feuerwehr-wolsdorf.de\/wordpress\/wp-json\/wp\/v2\/pages\/549","targetHints":{"allow":["GET"]}}],"collection":[{"href":"https:\/\/feuerwehr-wolsdorf.de\/wordpress\/wp-json\/wp\/v2\/pages"}],"about":[{"href":"https:\/\/feuerwehr-wolsdorf.de\/wordpress\/wp-json\/wp\/v2\/types\/page"}],"author":[{"embeddable":true,"href":"https:\/\/feuerwehr-wolsdorf.de\/wordpress\/wp-json\/wp\/v2\/users\/1"}],"replies":[{"embeddable":true,"href":"https:\/\/feuerwehr-wolsdorf.de\/wordpress\/wp-json\/wp\/v2\/comments?post=549"}],"version-history":[{"count":3,"href":"https:\/\/feuerwehr-wolsdorf.de\/wordpress\/wp-json\/wp\/v2\/pages\/549\/revisions"}],"predecessor-version":[{"id":1613,"href":"https:\/\/feuerwehr-wolsdorf.de\/wordpress\/wp-json\/wp\/v2\/pages\/549\/revisions\/1613"}],"wp:attachment":[{"href":"https:\/\/feuerwehr-wolsdorf.de\/wordpress\/wp-json\/wp\/v2\/media?parent=549"}],"curies":[{"name":"wp","href":"https:\/\/api.w.org\/{rel}","templated":true}]}}